{"id":844,"date":"2019-08-07T23:28:33","date_gmt":"2019-08-07T23:28:33","guid":{"rendered":"https:\/\/strate.net\/?page_id=844"},"modified":"2019-09-06T15:58:13","modified_gmt":"2019-09-06T15:58:13","slug":"law-office","status":"publish","type":"page","link":"https:\/\/strate.net\/en\/law-office\/","title":{"rendered":"Law Office"},"content":{"rendered":"\n\n  <div class=\"banner has-hover has-parallax\" id=\"banner-1323097282\">\n          <div class=\"banner-inner fill\">\n        <div class=\"banner-bg fill\" data-parallax=\"-4\" data-parallax-container=\".banner\" data-parallax-background>\n            <img loading=\"lazy\" decoding=\"async\" width=\"1020\" height=\"680\" src=\"https:\/\/strate.net\/wp-content\/uploads\/2019\/05\/RA_StrateundVentzke_Ausblick_2019-0606-1024x683.jpg\" class=\"bg attachment-large size-large\" alt=\"\" \/>                        <div class=\"overlay\"><\/div>            \n                    <\/div>\n\t\t\n        <div class=\"banner-layers container\">\n            <div class=\"fill banner-link\"><\/div>            \n\n   <div id=\"text-box-1055753694\" class=\"text-box banner-layer x5 md-x20 lg-x5 y30 md-y30 lg-y25 res-text\">\n                                <div class=\"text-box-content text dark\">\n              \n              <div class=\"text-inner text-left\">\n                  \n\n<h2 class=\"uppercase\"><strong>Our law office<\/strong><\/h2>\n\n              <\/div>\n           <\/div>\n                            \n<style>\n#text-box-1055753694 .text-inner {\n  padding: 20px 20px 20px 20px;\n}\n#text-box-1055753694 {\n  width: 65%;\n}\n#text-box-1055753694 .text-box-content {\n  font-size: 100%;\n}\n@media (min-width:550px) {\n  #text-box-1055753694 {\n    width: 55%;\n  }\n}\n@media (min-width:850px) {\n  #text-box-1055753694 {\n    width: 52%;\n  }\n}\n<\/style>\n    <\/div>\n \n\n        <\/div>\n      <\/div>\n\n            \n<style>\n#banner-1323097282 {\n  padding-top: 500px;\n}\n#banner-1323097282 .overlay {\n  background-color: rgba(0, 0, 0, 0.17);\n}\n#banner-1323097282 .banner-bg img {\n  object-position: 55% 53%;\n}\n<\/style>\n  <\/div>\n\n\n<div class=\"row\"  id=\"row-1933836103\">\n\n\n\t<div id=\"col-113478373\" class=\"col small-12 large-12\"  >\n\t\t\t\t<div class=\"col-inner\"  >\n\t\t\t\n\t\t\t\n\n<h3 style=\"margin-bottom: 30px;\">Our law office concentrates on advising and representing our clients in criminal and constitutional cases.<\/h3>\n<h3><span style=\"color: #000000;\">Criminal law<\/span><\/h3>\n<div>\n<p>In criminal cases we represent our clients at all stages of the proceedings both in dealing with the prosecution and in court. Where necessary, we provide legal support throughout the entire appellate proceedings up to the highest courts.<\/p>\n<p>One of the main areas of our work is the law governing appeals on points of law (alleging a violation of substantive criminal law or of procedural law). Our clients benefit from our lawyers&#8217; outstanding expertise in the field of procedural law not only in the course of a criminal investigation but also in court proceedings.<\/p>\n<p>The cases that we handle play out both in the areas of white-collar crime and in the field of general criminal law. Where a sound understanding of other areas of the law is required to safeguard our client&#8217;s interests, we do the necessary research swiftly or, in some cases, call in specialized lawyers or tax consultants. Moreover, we advise and represent clients in non-criminal cases that involve some exposure to criminal law.<\/p>\n<p>Complex proceedings are our daily life. Our lawyers&#8217; professional qualifications and the many years of experience that they have gained in court and in dealing with law enforcement agencies enable us to embark with our clients on creative paths, retaining overview and a sense of proportion while finding solutions even in seemingly hopeless situations.<\/p>\n<p>Criminal charges come with severe burdens for those concerned. We advise and support our clients also in view of the economic, professional and personal consequences of the criminal proceedings. This includes measures to avoid publicity. Where criminal charges become publicly known, we also advise our clients on how to deal with the media.<\/p>\n<p>Strafrechtliche Vorw\u00fcrfe gehen mit erheblichen Belastungen f\u00fcr die Betroffenen einher. Wir beraten und begleiten unsere Mandanten auch im Hinblick auf die wirtschaftlichen, beruflichen und pers\u00f6nlichen Folgen der Strafverfolgung. Das gilt auch f\u00fcr die Vermeidung von \u00d6ffentlichkeit. Sofern Vorw\u00fcrfe \u00f6ffentlich bekannt sind, beraten wir unsere Mandanten auch im Umgang mit den Medien.<\/p>\n<\/div>\n\n\t\t<\/div>\n\t\t\t\t\t<\/div>\n\n\t\n\n\t<div id=\"col-1233249551\" class=\"col show-for-small medium-6 small-12 large-6\"  >\n\t\t\t\t<div class=\"col-inner\"  >\n\t\t\t\n\t\t\t\n\n\t<div id=\"gap-1295469966\" class=\"gap-element clearfix show-for-small\" style=\"display:block; height:auto;\">\n\t\t\n<style>\n#gap-1295469966 {\n  padding-top: 30px;\n}\n<\/style>\n\t<\/div>\n\t\n\n\t<div class=\"img has-hover x md-x lg-x y md-y lg-y\" id=\"image_799197872\">\n\t\t\t\t\t\t\t\t<div class=\"img-inner dark\" >\n\t\t\t<img loading=\"lazy\" decoding=\"async\" width=\"1020\" height=\"680\" src=\"https:\/\/strate.net\/wp-content\/uploads\/2019\/06\/RA_StrateundVentzke_Bibliothek_2019-0698_2400px-1024x683.jpg\" class=\"attachment-large size-large\" alt=\"\" srcset=\"https:\/\/strate.net\/wp-content\/uploads\/2019\/06\/RA_StrateundVentzke_Bibliothek_2019-0698_2400px-1024x683.jpg 1024w, https:\/\/strate.net\/wp-content\/uploads\/2019\/06\/RA_StrateundVentzke_Bibliothek_2019-0698_2400px-300x200.jpg 300w, https:\/\/strate.net\/wp-content\/uploads\/2019\/06\/RA_StrateundVentzke_Bibliothek_2019-0698_2400px-768x512.jpg 768w\" sizes=\"auto, (max-width: 1020px) 100vw, 1020px\" \/>\t\t\t\t\t\t\n\t\t\t\t\t<\/div>\n\t\t\t\t\t\t\t\t\n<style>\n#image_799197872 {\n  width: 100%;\n}\n<\/style>\n\t<\/div>\n\t\n\n\n\t\t<\/div>\n\t\t\t\t\t<\/div>\n\n\t\n\n\t<div id=\"col-627384816\" class=\"col hide-for-small medium-6 small-12 large-6\"  >\n\t\t\t\t<div class=\"col-inner\"  >\n\t\t\t\n\t\t\t\n\n\t<div class=\"img has-hover x md-x lg-x y md-y lg-y\" id=\"image_1790472616\">\n\t\t\t\t\t\t\t\t<div class=\"img-inner dark\" >\n\t\t\t<img loading=\"lazy\" decoding=\"async\" width=\"1020\" height=\"683\" src=\"https:\/\/strate.net\/wp-content\/uploads\/2019\/06\/RA_StrateundVentzke_Bibliothek_2019-0698-1024x686.jpg\" class=\"attachment-large size-large\" alt=\"\" srcset=\"https:\/\/strate.net\/wp-content\/uploads\/2019\/06\/RA_StrateundVentzke_Bibliothek_2019-0698-1024x686.jpg 1024w, https:\/\/strate.net\/wp-content\/uploads\/2019\/06\/RA_StrateundVentzke_Bibliothek_2019-0698-300x201.jpg 300w, https:\/\/strate.net\/wp-content\/uploads\/2019\/06\/RA_StrateundVentzke_Bibliothek_2019-0698-768x515.jpg 768w\" sizes=\"auto, (max-width: 1020px) 100vw, 1020px\" \/>\t\t\t\t\t\t\n\t\t\t\t\t<\/div>\n\t\t\t\t\t\t\t\t\n<style>\n#image_1790472616 {\n  width: 100%;\n}\n<\/style>\n\t<\/div>\n\t\n\n\n\t\t<\/div>\n\t\t\t\t\t<\/div>\n\n\t\n\n\t<div id=\"col-474122882\" class=\"col medium-6 small-12 large-6\"  >\n\t\t\t\t<div class=\"col-inner\"  >\n\t\t\t\n\t\t\t\n\n<h3>Constitutional law<\/h3>\n<p>Another focal point of our work is on constitutional complaints on behalf of our clients. Mandates relating to constitutional law arise from a variety of legal areas. Constitutional complaints from the area of criminal law mostly challenge criminal convictions, decisions on pretrial detention and on the execution of sentences, and in some cases provisions of the law itself. Mandates from other areas of the law involving issues of constitutional law primarily concern actions for the annulment of specific administrative decisions, or have their origin in the constitutional law regulating the organisation of the state.<\/p>\n\n\t\t<\/div>\n\t\t\t\t\t<\/div>\n\n\t\n\n\t<div id=\"col-398070310\" class=\"col show-for-small medium-6 small-12 large-6\"  >\n\t\t\t\t<div class=\"col-inner\"  >\n\t\t\t\n\t\t\t\n\n\t<div id=\"gap-1893094284\" class=\"gap-element clearfix show-for-small\" style=\"display:block; height:auto;\">\n\t\t\n<style>\n#gap-1893094284 {\n  padding-top: 30px;\n}\n<\/style>\n\t<\/div>\n\t\n\n\t<div class=\"img has-hover x md-x lg-x y md-y lg-y\" id=\"image_57976198\">\n\t\t\t\t\t\t\t\t<div class=\"img-inner dark\" >\n\t\t\t<img loading=\"lazy\" decoding=\"async\" width=\"1020\" height=\"680\" src=\"https:\/\/strate.net\/wp-content\/uploads\/2019\/05\/RA_StrateundVentzke_Landgericht_2019-0816-1024x683.jpg\" class=\"attachment-large size-large\" alt=\"\" srcset=\"https:\/\/strate.net\/wp-content\/uploads\/2019\/05\/RA_StrateundVentzke_Landgericht_2019-0816-1024x683.jpg 1024w, https:\/\/strate.net\/wp-content\/uploads\/2019\/05\/RA_StrateundVentzke_Landgericht_2019-0816-300x200.jpg 300w, https:\/\/strate.net\/wp-content\/uploads\/2019\/05\/RA_StrateundVentzke_Landgericht_2019-0816-768x512.jpg 768w, https:\/\/strate.net\/wp-content\/uploads\/2019\/05\/RA_StrateundVentzke_Landgericht_2019-0816.jpg 1200w\" sizes=\"auto, (max-width: 1020px) 100vw, 1020px\" \/>\t\t\t\t\t\t\n\t\t\t\t\t<\/div>\n\t\t\t\t\t\t\t\t\n<style>\n#image_57976198 {\n  width: 100%;\n}\n<\/style>\n\t<\/div>\n\t\n\n\n\t\t<\/div>\n\t\t\t\t\t<\/div>\n\n\t\n\n\t<div id=\"col-294708228\" class=\"col medium-6 small-12 large-6\"  >\n\t\t\t\t<div class=\"col-inner\"  >\n\t\t\t\n\t\t\t\n\n<h3>Coverage<\/h3>\n<p>Our offices are located in Hamburg. We act for our clients throughout Germany.<br \/>\nIn addition we provide advice in cross-border mandates, and we also represent our clients in the area of international judicial assistance.<\/p>\n\n\t\t<\/div>\n\t\t\t\t\t<\/div>\n\n\t\n\n\t<div id=\"col-1023767409\" class=\"col hide-for-small medium-6 small-12 large-6\"  >\n\t\t\t\t<div class=\"col-inner\"  >\n\t\t\t\n\t\t\t\n\n\t<div class=\"img has-hover x md-x lg-x y md-y lg-y\" id=\"image_766733004\">\n\t\t\t\t\t\t\t\t<div class=\"img-inner dark\" >\n\t\t\t<img loading=\"lazy\" decoding=\"async\" width=\"1020\" height=\"680\" src=\"https:\/\/strate.net\/wp-content\/uploads\/2019\/05\/RA_StrateundVentzke_Landgericht_2019-0816-1024x683.jpg\" class=\"attachment-large size-large\" alt=\"\" srcset=\"https:\/\/strate.net\/wp-content\/uploads\/2019\/05\/RA_StrateundVentzke_Landgericht_2019-0816-1024x683.jpg 1024w, https:\/\/strate.net\/wp-content\/uploads\/2019\/05\/RA_StrateundVentzke_Landgericht_2019-0816-300x200.jpg 300w, https:\/\/strate.net\/wp-content\/uploads\/2019\/05\/RA_StrateundVentzke_Landgericht_2019-0816-768x512.jpg 768w, https:\/\/strate.net\/wp-content\/uploads\/2019\/05\/RA_StrateundVentzke_Landgericht_2019-0816.jpg 1200w\" sizes=\"auto, (max-width: 1020px) 100vw, 1020px\" \/>\t\t\t\t\t\t\n\t\t\t\t\t<\/div>\n\t\t\t\t\t\t\t\t\n<style>\n#image_766733004 {\n  width: 100%;\n}\n<\/style>\n\t<\/div>\n\t\n\n\n\t\t<\/div>\n\t\t\t\t\t<\/div>\n\n\t\n\n\t<div id=\"col-1180531469\" class=\"col medium-6 small-12 large-6\"  >\n\t\t\t\t<div class=\"col-inner\"  >\n\t\t\t\n\t\t\t\n\n\t<div id=\"gap-826328196\" class=\"gap-element clearfix show-for-small\" style=\"display:block; height:auto;\">\n\t\t\n<style>\n#gap-826328196 {\n  padding-top: 30px;\n}\n<\/style>\n\t<\/div>\n\t\n\n\t<div class=\"img has-hover x md-x lg-x y md-y lg-y\" id=\"image_359626918\">\n\t\t\t\t\t\t\t\t<div class=\"img-inner dark\" >\n\t\t\t<img loading=\"lazy\" decoding=\"async\" width=\"1020\" height=\"680\" src=\"https:\/\/strate.net\/wp-content\/uploads\/2019\/03\/StrateundVentzke-7525-1024x683.jpg\" class=\"attachment-large size-large\" alt=\"\" srcset=\"https:\/\/strate.net\/wp-content\/uploads\/2019\/03\/StrateundVentzke-7525-1024x683.jpg 1024w, https:\/\/strate.net\/wp-content\/uploads\/2019\/03\/StrateundVentzke-7525-300x200.jpg 300w, https:\/\/strate.net\/wp-content\/uploads\/2019\/03\/StrateundVentzke-7525-768x512.jpg 768w, https:\/\/strate.net\/wp-content\/uploads\/2019\/03\/StrateundVentzke-7525.jpg 1200w\" sizes=\"auto, (max-width: 1020px) 100vw, 1020px\" \/>\t\t\t\t\t\t\n\t\t\t\t\t<\/div>\n\t\t\t\t\t\t\t\t\n<style>\n#image_359626918 {\n  width: 100%;\n}\n<\/style>\n\t<\/div>\n\t\n\n\n\t\t<\/div>\n\t\t\t\t\t<\/div>\n\n\t\n\n\t<div id=\"col-1110289731\" class=\"col medium-6 small-12 large-6\"  >\n\t\t\t\t<div class=\"col-inner\"  >\n\t\t\t\n\t\t\t\n\n<h3>What distinguishes us<\/h3>\n<p>We talk with our clients and we carefully study the investigation files at the earliest possible time. This enables us to swiftly and fully grasp the facts of their case. In doing so, we set a high value on accurately recognizing not only the strong points of our defensive position, but also its vulnerabilities in order to enable our clients to make a serious risk assessment as a basis for further action.<\/p>\n\n\t\t<\/div>\n\t\t\t\t\t<\/div>\n\n\t\n\n\t<div id=\"col-526285807\" class=\"col medium-6 small-12 large-6\"  >\n\t\t\t\t<div class=\"col-inner\"  >\n\t\t\t\n\t\t\t\n\n<p>The facts and circumstances thus established are then subjected to a legal assessment that entirely satisfies scientific standards. Our library gives us access to the full range of all decisions pronounced by the highest courts in Germany from October 1879 up to today. Naturally we proceed in the same way when we handle cases involving issues of constitutional law and areas related to criminal law. We take care especially meticulously that our clients&#8217; cases are set out precisely and in a clear and comprehensible manner. There are no redundancies in the legal documents that we prepare. We do not fill pages with superfluous content. It is our endeavor to always use a concise and persuasive language.<\/p>\n\n\t\t<\/div>\n\t\t\t\t\t<\/div>\n\n\t\n\n\t<div id=\"col-1217505582\" class=\"col hide-for-small medium-6 small-12 large-6\"  >\n\t\t\t\t<div class=\"col-inner\"  >\n\t\t\t\n\t\t\t\n\n\t<div class=\"img has-hover x md-x lg-x y md-y lg-y\" id=\"image_201069857\">\n\t\t\t\t\t\t\t\t<div class=\"img-inner dark\" >\n\t\t\t<img loading=\"lazy\" decoding=\"async\" width=\"1020\" height=\"680\" src=\"https:\/\/strate.net\/wp-content\/uploads\/2019\/03\/StrateundVentzke-7368-1024x683.jpg\" class=\"attachment-large size-large\" alt=\"\" srcset=\"https:\/\/strate.net\/wp-content\/uploads\/2019\/03\/StrateundVentzke-7368-1024x683.jpg 1024w, https:\/\/strate.net\/wp-content\/uploads\/2019\/03\/StrateundVentzke-7368-300x200.jpg 300w, https:\/\/strate.net\/wp-content\/uploads\/2019\/03\/StrateundVentzke-7368-768x512.jpg 768w, https:\/\/strate.net\/wp-content\/uploads\/2019\/03\/StrateundVentzke-7368.jpg 1200w\" sizes=\"auto, (max-width: 1020px) 100vw, 1020px\" \/>\t\t\t\t\t\t\n\t\t\t\t\t<\/div>\n\t\t\t\t\t\t\t\t\n<style>\n#image_201069857 {\n  width: 100%;\n}\n<\/style>\n\t<\/div>\n\t\n\n\n\t\t<\/div>\n\t\t\t\t\t<\/div>\n\n\t\n\n\t<div id=\"col-655879291\" class=\"col medium-6 small-12 large-6\"  >\n\t\t\t\t<div class=\"col-inner\"  >\n\t\t\t\n\t\t\t\n\n\t<div id=\"gap-1880541335\" class=\"gap-element clearfix show-for-small\" style=\"display:block; height:auto;\">\n\t\t\n<style>\n#gap-1880541335 {\n  padding-top: 30px;\n}\n<\/style>\n\t<\/div>\n\t\n\n\t<div class=\"img has-hover x md-x lg-x y md-y lg-y\" id=\"image_276442490\">\n\t\t\t\t\t\t\t\t<div class=\"img-inner dark\" >\n\t\t\t<img loading=\"lazy\" decoding=\"async\" width=\"1020\" height=\"680\" src=\"https:\/\/strate.net\/wp-content\/uploads\/2019\/05\/RA_StrateundVentzke_Empfang_20190384-1024x683.jpg\" class=\"attachment-large size-large\" alt=\"\" srcset=\"https:\/\/strate.net\/wp-content\/uploads\/2019\/05\/RA_StrateundVentzke_Empfang_20190384-1024x683.jpg 1024w, https:\/\/strate.net\/wp-content\/uploads\/2019\/05\/RA_StrateundVentzke_Empfang_20190384-300x200.jpg 300w, https:\/\/strate.net\/wp-content\/uploads\/2019\/05\/RA_StrateundVentzke_Empfang_20190384-768x512.jpg 768w\" sizes=\"auto, (max-width: 1020px) 100vw, 1020px\" \/>\t\t\t\t\t\t\n\t\t\t\t\t<\/div>\n\t\t\t\t\t\t\t\t\n<style>\n#image_276442490 {\n  width: 100%;\n}\n<\/style>\n\t<\/div>\n\t\n\n\n\t\t<\/div>\n\t\t\t\t\t<\/div>\n\n\t\n\n\t<div id=\"col-368508051\" class=\"col medium-6 small-12 large-6\"  >\n\t\t\t\t<div class=\"col-inner\"  >\n\t\t\t\n\t\t\t\n\n<h3>Self-conception<\/h3>\n<p>The law firm \u201cStrate und Ventzke\u201d has existed since 1985. Since that time, our lawyers have been actively involved in topical legal and policy issues through publications, speeches and lectures. We are always guided in this by our aspiration to defend our constitutionally guaranteed freedoms against their gradual erosion by the opportunism of daily politics on the part of the judiciary and of the legislature.<\/p>\n\n\t\t<\/div>\n\t\t\t\t\t<\/div>\n\n\t\n\n<\/div>\n\n","protected":false},"excerpt":{"rendered":"","protected":false},"author":1,"featured_media":0,"parent":0,"menu_order":0,"comment_status":"closed","ping_status":"closed","template":"page-blank.php","meta":{"footnotes":""},"class_list":["post-844","page","type-page","status-publish","hentry"],"yoast_head":"<!-- This site is optimized with the Yoast SEO plugin v27.3 - https:\/\/yoast.com\/product\/yoast-seo-wordpress\/ -->\n<title>Law Office &#8226; Strate und Kollegen<\/title>\n<meta name=\"robots\" content=\"index, follow, max-snippet:-1, max-image-preview:large, max-video-preview:-1\" \/>\n<link rel=\"canonical\" href=\"https:\/\/strate.net\/en\/law-office\/\" \/>\n<meta property=\"og:locale\" content=\"en_US\" \/>\n<meta property=\"og:type\" content=\"article\" \/>\n<meta property=\"og:title\" content=\"Law Office &#8226; Strate und Kollegen\" \/>\n<meta property=\"og:url\" content=\"https:\/\/strate.net\/en\/law-office\/\" \/>\n<meta property=\"og:site_name\" content=\"Strate und Kollegen\" \/>\n<meta property=\"article:modified_time\" content=\"2019-09-06T15:58:13+00:00\" \/>\n<meta name=\"twitter:card\" content=\"summary_large_image\" \/>\n<meta name=\"twitter:label1\" content=\"Est. reading time\" \/>\n\t<meta name=\"twitter:data1\" content=\"4 minutes\" \/>\n<script type=\"application\/ld+json\" class=\"yoast-schema-graph\">{\"@context\":\"https:\\\/\\\/schema.org\",\"@graph\":[{\"@type\":\"WebPage\",\"@id\":\"https:\\\/\\\/strate.net\\\/en\\\/law-office\\\/\",\"url\":\"https:\\\/\\\/strate.net\\\/en\\\/law-office\\\/\",\"name\":\"Law Office &#8226; Strate und Kollegen\",\"isPartOf\":{\"@id\":\"https:\\\/\\\/strate.net\\\/en\\\/#website\"},\"datePublished\":\"2019-08-07T23:28:33+00:00\",\"dateModified\":\"2019-09-06T15:58:13+00:00\",\"breadcrumb\":{\"@id\":\"https:\\\/\\\/strate.net\\\/en\\\/law-office\\\/#breadcrumb\"},\"inLanguage\":\"en-US\",\"potentialAction\":[{\"@type\":\"ReadAction\",\"target\":[\"https:\\\/\\\/strate.net\\\/en\\\/law-office\\\/\"]}]},{\"@type\":\"BreadcrumbList\",\"@id\":\"https:\\\/\\\/strate.net\\\/en\\\/law-office\\\/#breadcrumb\",\"itemListElement\":[{\"@type\":\"ListItem\",\"position\":1,\"name\":\"Home\",\"item\":\"https:\\\/\\\/strate.net\\\/en\\\/\"},{\"@type\":\"ListItem\",\"position\":2,\"name\":\"Law Office\"}]},{\"@type\":\"WebSite\",\"@id\":\"https:\\\/\\\/strate.net\\\/en\\\/#website\",\"url\":\"https:\\\/\\\/strate.net\\\/en\\\/\",\"name\":\"Strate und Ventzke Rechtsanw\u00e4lte\",\"description\":\"Rechtsanw\u00e4lte Hamburg\",\"publisher\":{\"@id\":\"https:\\\/\\\/strate.net\\\/en\\\/#organization\"},\"potentialAction\":[{\"@type\":\"SearchAction\",\"target\":{\"@type\":\"EntryPoint\",\"urlTemplate\":\"https:\\\/\\\/strate.net\\\/en\\\/?s={search_term_string}\"},\"query-input\":{\"@type\":\"PropertyValueSpecification\",\"valueRequired\":true,\"valueName\":\"search_term_string\"}}],\"inLanguage\":\"en-US\"},{\"@type\":\"Organization\",\"@id\":\"https:\\\/\\\/strate.net\\\/en\\\/#organization\",\"name\":\"Strate und Ventzke Rechtsanw\u00e4lte\",\"url\":\"https:\\\/\\\/strate.net\\\/en\\\/\",\"logo\":{\"@type\":\"ImageObject\",\"inLanguage\":\"en-US\",\"@id\":\"https:\\\/\\\/strate.net\\\/en\\\/#\\\/schema\\\/logo\\\/image\\\/\",\"url\":\"https:\\\/\\\/strate.net\\\/wp-content\\\/uploads\\\/2019\\\/03\\\/strate-logo2.png\",\"contentUrl\":\"https:\\\/\\\/strate.net\\\/wp-content\\\/uploads\\\/2019\\\/03\\\/strate-logo2.png\",\"width\":1511,\"height\":351,\"caption\":\"Strate und Ventzke Rechtsanw\u00e4lte\"},\"image\":{\"@id\":\"https:\\\/\\\/strate.net\\\/en\\\/#\\\/schema\\\/logo\\\/image\\\/\"}}]}<\/script>\n<!-- \/ Yoast SEO plugin. -->","yoast_head_json":{"title":"Law Office &#8226; Strate und Kollegen","robots":{"index":"index","follow":"follow","max-snippet":"max-snippet:-1","max-image-preview":"max-image-preview:large","max-video-preview":"max-video-preview:-1"},"canonical":"https:\/\/strate.net\/en\/law-office\/","og_locale":"en_US","og_type":"article","og_title":"Law Office &#8226; Strate und Kollegen","og_url":"https:\/\/strate.net\/en\/law-office\/","og_site_name":"Strate und Kollegen","article_modified_time":"2019-09-06T15:58:13+00:00","twitter_card":"summary_large_image","twitter_misc":{"Est. reading time":"4 minutes"},"schema":{"@context":"https:\/\/schema.org","@graph":[{"@type":"WebPage","@id":"https:\/\/strate.net\/en\/law-office\/","url":"https:\/\/strate.net\/en\/law-office\/","name":"Law Office &#8226; Strate und Kollegen","isPartOf":{"@id":"https:\/\/strate.net\/en\/#website"},"datePublished":"2019-08-07T23:28:33+00:00","dateModified":"2019-09-06T15:58:13+00:00","breadcrumb":{"@id":"https:\/\/strate.net\/en\/law-office\/#breadcrumb"},"inLanguage":"en-US","potentialAction":[{"@type":"ReadAction","target":["https:\/\/strate.net\/en\/law-office\/"]}]},{"@type":"BreadcrumbList","@id":"https:\/\/strate.net\/en\/law-office\/#breadcrumb","itemListElement":[{"@type":"ListItem","position":1,"name":"Home","item":"https:\/\/strate.net\/en\/"},{"@type":"ListItem","position":2,"name":"Law Office"}]},{"@type":"WebSite","@id":"https:\/\/strate.net\/en\/#website","url":"https:\/\/strate.net\/en\/","name":"Strate und Ventzke Rechtsanw\u00e4lte","description":"Rechtsanw\u00e4lte Hamburg","publisher":{"@id":"https:\/\/strate.net\/en\/#organization"},"potentialAction":[{"@type":"SearchAction","target":{"@type":"EntryPoint","urlTemplate":"https:\/\/strate.net\/en\/?s={search_term_string}"},"query-input":{"@type":"PropertyValueSpecification","valueRequired":true,"valueName":"search_term_string"}}],"inLanguage":"en-US"},{"@type":"Organization","@id":"https:\/\/strate.net\/en\/#organization","name":"Strate und Ventzke Rechtsanw\u00e4lte","url":"https:\/\/strate.net\/en\/","logo":{"@type":"ImageObject","inLanguage":"en-US","@id":"https:\/\/strate.net\/en\/#\/schema\/logo\/image\/","url":"https:\/\/strate.net\/wp-content\/uploads\/2019\/03\/strate-logo2.png","contentUrl":"https:\/\/strate.net\/wp-content\/uploads\/2019\/03\/strate-logo2.png","width":1511,"height":351,"caption":"Strate und Ventzke Rechtsanw\u00e4lte"},"image":{"@id":"https:\/\/strate.net\/en\/#\/schema\/logo\/image\/"}}]}},"_links":{"self":[{"href":"https:\/\/strate.net\/en\/wp-json\/wp\/v2\/pages\/844","targetHints":{"allow":["GET"]}}],"collection":[{"href":"https:\/\/strate.net\/en\/wp-json\/wp\/v2\/pages"}],"about":[{"href":"https:\/\/strate.net\/en\/wp-json\/wp\/v2\/types\/page"}],"author":[{"embeddable":true,"href":"https:\/\/strate.net\/en\/wp-json\/wp\/v2\/users\/1"}],"replies":[{"embeddable":true,"href":"https:\/\/strate.net\/en\/wp-json\/wp\/v2\/comments?post=844"}],"version-history":[{"count":4,"href":"https:\/\/strate.net\/en\/wp-json\/wp\/v2\/pages\/844\/revisions"}],"predecessor-version":[{"id":955,"href":"https:\/\/strate.net\/en\/wp-json\/wp\/v2\/pages\/844\/revisions\/955"}],"wp:attachment":[{"href":"https:\/\/strate.net\/en\/wp-json\/wp\/v2\/media?parent=844"}],"curies":[{"name":"wp","href":"https:\/\/api.w.org\/{rel}","templated":true}]}}